{"id":3679,"date":"2025-09-22T18:39:30","date_gmt":"2025-09-22T18:39:30","guid":{"rendered":"https:\/\/artpublic.click\/?page_id=3679"},"modified":"2026-01-26T08:19:13","modified_gmt":"2026-01-26T13:19:13","slug":"apropos","status":"publish","type":"page","link":"https:\/\/artpublic.click\/en\/apropos\/","title":{"rendered":"About us"},"content":{"rendered":"<div data-elementor-type=\"wp-page\" data-elementor-id=\"3679\" class=\"elementor elementor-3679\" data-elementor-post-type=\"page\">\n\t\t\t\t<div class=\"elementor-element elementor-element-619223ed e-con-full e-flex e-con e-parent\" data-id=\"619223ed\" data-element_type=\"container\" data-e-type=\"container\">\n\t\t\t\t<div class=\"elementor-element elementor-element-2a3a6929 elementor-widget elementor-widget-heading\" data-id=\"2a3a6929\" data-element_type=\"widget\" data-e-type=\"widget\" data-widget_type=\"heading.default\">\n\t\t\t\t\t<h2 class=\"elementor-heading-title elementor-size-default\">About us<\/h2>\t\t\t\t<\/div>\n\t\t\t\t<\/div>\n\t\t<div class=\"elementor-element elementor-element-26fc684 e-con-full e-flex e-con e-parent\" data-id=\"26fc684\" data-element_type=\"container\" data-e-type=\"container\" data-settings=\"{&quot;background_background&quot;:&quot;classic&quot;}\">\n\t\t\t\t<div class=\"elementor-element elementor-element-f2e42c5 elementor-widget elementor-widget-heading\" data-id=\"f2e42c5\" data-element_type=\"widget\" data-e-type=\"widget\" data-widget_type=\"heading.default\">\n\t\t\t\t\t<h2 class=\"elementor-heading-title elementor-size-default\">\u00c0 PROPOS<\/h2>\t\t\t\t<\/div>\n\t\t\t\t<div class=\"elementor-element elementor-element-774a6d1e elementor-widget elementor-widget-text-editor\" data-id=\"774a6d1e\" data-element_type=\"widget\" data-e-type=\"widget\" data-widget_type=\"text-editor.default\">\n\t\t\t\t\t\t\t\t\t<p><b>Mission <\/b>: Soutenir la cr\u00e9ation en art public.<\/p><p><span style=\"font-style: inherit; font-weight: inherit;\">Nous proposons un service personnalis\u00e9 d\u2019accompagnement pour les artistes et organismes \u0153uvrant dans le domaine de l\u2019art public. Que vous envisagiez la cr\u00e9ation d\u2019une premi\u00e8re \u0153uvre ou la gestion compl\u00e8te d\u2019un projet d\u2019int\u00e9gration des arts \u00e0 l\u2019architecture, notre \u00e9quipe exp\u00e9riment\u00e9e saura r\u00e9pondre \u00e0 vos attentes.<\/span><\/p>\t\t\t\t\t\t\t\t<\/div>\n\t\t<div class=\"elementor-element elementor-element-8c80df7 e-con-full e-flex e-con e-child\" data-id=\"8c80df7\" data-element_type=\"container\" data-e-type=\"container\">\n\t\t\t\t<div class=\"elementor-element elementor-element-5a374c0e elementor-cta--layout-image-above elementor-widget__width-initial elementor-widget-tablet__width-initial elementor-widget-mobile__width-inherit elementor-cta--skin-classic elementor-animated-content elementor-bg-transform elementor-bg-transform-zoom-in elementor-widget elementor-widget-call-to-action\" data-id=\"5a374c0e\" data-element_type=\"widget\" data-e-type=\"widget\" data-widget_type=\"call-to-action.default\">\n\t\t\t\t\t\t\t<div class=\"elementor-cta\">\n\t\t\t\t\t<div class=\"elementor-cta__bg-wrapper\">\n\t\t\t\t<div class=\"elementor-cta__bg elementor-bg\" style=\"background-image: url(https:\/\/artpublic.click\/wp-content\/uploads\/2025\/11\/pixabay-3267505-1024x682.jpg);\" role=\"img\" aria-label=\"startup, whiteboard, room, indoors, adult, office, business, technology, male, corporate, design, designer, brainstorm, startup, office, business, business, business, business, business, technology, design, designer\"><\/div>\n\t\t\t\t<div class=\"elementor-cta__bg-overlay\"><\/div>\n\t\t\t<\/div>\n\t\t\t\t\t\t\t<div class=\"elementor-cta__content\">\n\t\t\t\t\n\t\t\t\t\t\t\t\t\t<h2 class=\"elementor-cta__title elementor-cta__content-item elementor-content-item\">\n\t\t\t\t\t\tAnalyse\t\t\t\t\t<\/h2>\n\t\t\t\t\n\t\t\t\t\t\t\t\t\t<div class=\"elementor-cta__description elementor-cta__content-item elementor-content-item\">\n\t\t\t\t\t\tArt Public agit comme un partenaire expert et neutre, capable de lire un projet d\u2019art public sous tous les angles : institutionnel, artistique et technique.\nNotre intervention permet d\u2019\u00e9quilibrer les attentes, de pr\u00e9venir les risques et d\u2019assurer que chaque \u0153uvre s\u2019int\u00e8gre avec justesse \u2014 dans le respect du lieu, du public et du mandat de chacun.\t\t\t\t\t<\/div>\n\t\t\t\t\n\t\t\t\t\t\t\t<\/div>\n\t\t\t\t\t\t<\/div>\n\t\t\t\t\t\t<\/div>\n\t\t\t\t<div class=\"elementor-element elementor-element-37dc8a2e elementor-cta--layout-image-above elementor-widget__width-initial elementor-widget-tablet__width-initial elementor-widget-mobile__width-inherit elementor-cta--skin-classic elementor-animated-content elementor-bg-transform elementor-bg-transform-zoom-in elementor-widget elementor-widget-call-to-action\" data-id=\"37dc8a2e\" data-element_type=\"widget\" data-e-type=\"widget\" data-widget_type=\"call-to-action.default\">\n\t\t\t\t\t\t\t<div class=\"elementor-cta\">\n\t\t\t\t\t<div class=\"elementor-cta__bg-wrapper\">\n\t\t\t\t<div class=\"elementor-cta__bg elementor-bg\" style=\"background-image: url(https:\/\/artpublic.click\/wp-content\/uploads\/2025\/11\/openverse-6f622cfa-779d-4a15-80ee-45da314c52a5.jpg);\" role=\"img\" aria-label=\"Oil scene from &#039;CCS: a 2 degree solution&#039; (film)\"><\/div>\n\t\t\t\t<div class=\"elementor-cta__bg-overlay\"><\/div>\n\t\t\t<\/div>\n\t\t\t\t\t\t\t<div class=\"elementor-cta__content\">\n\t\t\t\t\n\t\t\t\t\t\t\t\t\t<h2 class=\"elementor-cta__title elementor-cta__content-item elementor-content-item\">\n\t\t\t\t\t\tSolutions\t\t\t\t\t<\/h2>\n\t\t\t\t\n\t\t\t\t\t\t\t\t\t<div class=\"elementor-cta__description elementor-cta__content-item elementor-content-item\">\n\t\t\t\t\t\tArt Public propose un accompagnement concret pour la r\u00e9alisation de projets d\u2019art public.\nLes services couvrent la planification, les appels d\u2019artistes, la s\u00e9lection, les budgets et la coordination des intervenants.\nUn soutien pratique pour mener les projets \u00e0 terme, du d\u00e9but \u00e0 l\u2019installation.\t\t\t\t\t<\/div>\n\t\t\t\t\n\t\t\t\t\t\t\t<\/div>\n\t\t\t\t\t\t<\/div>\n\t\t\t\t\t\t<\/div>\n\t\t\t\t<div class=\"elementor-element elementor-element-281faf0f elementor-cta--layout-image-above elementor-widget__width-initial elementor-widget-tablet__width-initial elementor-widget-mobile__width-inherit elementor-cta--skin-classic elementor-animated-content elementor-bg-transform elementor-bg-transform-zoom-in elementor-widget elementor-widget-call-to-action\" data-id=\"281faf0f\" data-element_type=\"widget\" data-e-type=\"widget\" data-widget_type=\"call-to-action.default\">\n\t\t\t\t\t\t\t<div class=\"elementor-cta\">\n\t\t\t\t\t<div class=\"elementor-cta__bg-wrapper\">\n\t\t\t\t<div class=\"elementor-cta__bg elementor-bg\" style=\"background-image: url(https:\/\/artpublic.click\/wp-content\/uploads\/2025\/11\/pexels-34940113-1024x683.jpeg);\" role=\"img\" aria-label=\"Masked woman walks by fashion art installation on modern street.\"><\/div>\n\t\t\t\t<div class=\"elementor-cta__bg-overlay\"><\/div>\n\t\t\t<\/div>\n\t\t\t\t\t\t\t<div class=\"elementor-cta__content\">\n\t\t\t\t\n\t\t\t\t\t\t\t\t\t<h2 class=\"elementor-cta__title elementor-cta__content-item elementor-content-item\">\n\t\t\t\t\t\tExp\u00e9rience\t\t\t\t\t<\/h2>\n\t\t\t\t\n\t\t\t\t\t\t\t\t\t<div class=\"elementor-cta__description elementor-cta__content-item elementor-content-item\">\n\t\t\t\t\t\tDepuis plus de vingt ans, nous \u00e9voluons au c\u0153ur du milieu de l\u2019art public, l\u00e0 o\u00f9 se rencontrent cr\u00e9ativit\u00e9, ing\u00e9nierie et espace urbain. Cette exp\u00e9rience nous a permis de d\u00e9velopper une compr\u00e9hension fine des enjeux artistiques, techniques et institutionnels qui entourent chaque projet \u2014 qu\u2019il s\u2019agisse d\u2019une \u0153uvre monumentale, d\u2019une intervention discr\u00e8te ou d\u2019un programme complet d\u2019int\u00e9gration des arts \u00e0 l\u2019architecture.\t\t\t\t\t<\/div>\n\t\t\t\t\n\t\t\t\t\t\t\t<\/div>\n\t\t\t\t\t\t<\/div>\n\t\t\t\t\t\t<\/div>\n\t\t\t\t<div class=\"elementor-element elementor-element-4160d0c elementor-widget elementor-widget-text-editor\" data-id=\"4160d0c\" data-element_type=\"widget\" data-e-type=\"widget\" data-widget_type=\"text-editor.default\">\n\t\t\t\t\t\t\t\t\t<p><em>Nous v\u00e9rifions la coh\u00e9rence du projet avec les objectifs institutionnels, les exigences de l\u2019appel d\u2019offres, les contraintes du site, les budgets et les \u00e9ch\u00e9anciers.\u00a0Notre analyse permet d\u2019assurer la faisabilit\u00e9, la conformit\u00e9 et la p\u00e9rennit\u00e9 de l\u2019\u0153uvre, tout en facilitant la prise de d\u00e9cision.<\/em><\/p>\t\t\t\t\t\t\t\t<\/div>\n\t\t\t\t<\/div>\n\t\t\t\t<div class=\"elementor-element elementor-element-5d77d5e elementor-grid-3 elementor-grid-tablet-2 elementor-grid-mobile-1 elementor-posts--thumbnail-top elementor-widget elementor-widget-posts\" data-id=\"5d77d5e\" data-element_type=\"widget\" data-e-type=\"widget\" data-settings=\"{&quot;classic_columns&quot;:&quot;3&quot;,&quot;classic_columns_tablet&quot;:&quot;2&quot;,&quot;classic_columns_mobile&quot;:&quot;1&quot;,&quot;classic_row_gap&quot;:{&quot;unit&quot;:&quot;px&quot;,&quot;size&quot;:35,&quot;sizes&quot;:[]},&quot;classic_row_gap_tablet&quot;:{&quot;unit&quot;:&quot;px&quot;,&quot;size&quot;:&quot;&quot;,&quot;sizes&quot;:[]},&quot;classic_row_gap_mobile&quot;:{&quot;unit&quot;:&quot;px&quot;,&quot;size&quot;:&quot;&quot;,&quot;sizes&quot;:[]}}\" data-widget_type=\"posts.classic\">\n\t\t\t\t<div class=\"elementor-widget-container\">\n\t\t\t\t\t\t\t<div class=\"elementor-posts-container elementor-posts elementor-posts--skin-classic elementor-grid\" role=\"list\">\n\t\t\t\t<article class=\"elementor-post elementor-grid-item post-8676 post type-post status-publish format-standard hentry category-mindset\" role=\"listitem\">\n\t\t\t\t<div class=\"elementor-post__text\">\n\t\t\t\t<h3 class=\"elementor-post__title\">\n\t\t\t<a href=\"https:\/\/artpublic.click\/en\/mand\/\" >\n\t\t\t\tPour les mandataires\t\t\t<\/a>\n\t\t<\/h3>\n\t\t\t\t<div class=\"elementor-post__excerpt\">\n\t\t\t<p>Nous v\u00e9rifions la coh\u00e9rence du projet avec les objectifs institutionnels, les exigences de l\u2019appel d\u2019offres, les contraintes du site, les budgets et les \u00e9ch\u00e9anciers.\u00a0 Notre<\/p>\n\t\t<\/div>\n\t\t\t\t<\/div>\n\t\t\t\t<\/article>\n\t\t\t\t<article class=\"elementor-post elementor-grid-item post-8743 post type-post status-publish format-standard hentry category-mindset\" role=\"listitem\">\n\t\t\t\t<div class=\"elementor-post__text\">\n\t\t\t\t<h3 class=\"elementor-post__title\">\n\t\t\t<a href=\"https:\/\/artpublic.click\/en\/art-art\/\" >\n\t\t\t\tPour les artistes\t\t\t<\/a>\n\t\t<\/h3>\n\t\t\t\t<div class=\"elementor-post__excerpt\">\n\t\t\t<p>Nous accompagnons l\u2019artiste dans la structure et la pr\u00e9sentation de son projet : intention, mat\u00e9riaux, implantation, int\u00e9gration au contexte, s\u00e9curit\u00e9, maintenance, etc. L\u2019objectif est de<\/p>\n\t\t<\/div>\n\t\t\t\t<\/div>\n\t\t\t\t<\/article>\n\t\t\t\t<article class=\"elementor-post elementor-grid-item post-8747 post type-post status-publish format-standard hentry category-mindset\" role=\"listitem\">\n\t\t\t\t<div class=\"elementor-post__text\">\n\t\t\t\t<h3 class=\"elementor-post__title\">\n\t\t\t<a href=\"https:\/\/artpublic.click\/en\/constr\/\" >\n\t\t\t\tPour les entrepreneurs en construction\t\t\t<\/a>\n\t\t<\/h3>\n\t\t\t\t<div class=\"elementor-post__excerpt\">\n\t\t\t<p>Nous aidons les entrepreneurs qui doivent int\u00e9grer ou implanter une \u0153uvre d\u2019art dans le cadre de leur mandat. Cela inclut : l\u2019analyse des plans et<\/p>\n\t\t<\/div>\n\t\t\t\t<\/div>\n\t\t\t\t<\/article>\n\t\t\t\t<\/div>\n\t\t\n\t\t\t\t\t\t<\/div>\n\t\t\t\t<\/div>\n\t\t\t\t<\/div>\n\t\t<div class=\"elementor-element elementor-element-undefined-3d57314 e-flex e-con-boxed e-con e-parent\" data-id=\"undefined-3d57314\" data-element_type=\"container\" data-e-type=\"container\" data-settings=\"{&quot;background_background&quot;:&quot;classic&quot;}\">\n\t\t\t\t\t<div class=\"e-con-inner\">\n\t\t\t\t<div class=\"elementor-element elementor-element-ed42f95 elementor-widget elementor-widget-text-editor\" data-id=\"ed42f95\" data-element_type=\"widget\" data-e-type=\"widget\" data-widget_type=\"text-editor.default\">\n\t\t\t\t\t\t\t\t\t<p>nos bureaux<\/p>\t\t\t\t\t\t\t\t<\/div>\n\t\t<div class=\"elementor-element elementor-element-01f3a46 e-con-full e-flex e-con e-child\" data-id=\"01f3a46\" data-element_type=\"container\" data-e-type=\"container\">\n\t\t<div class=\"elementor-element elementor-element-undefined-0e2b368 e-con-full e-flex e-con e-child\" data-id=\"undefined-0e2b368\" data-element_type=\"container\" data-e-type=\"container\">\n\t\t\t\t<div class=\"elementor-element elementor-element-undefined-2da56f8 elementor-widget elementor-widget-image\" data-id=\"undefined-2da56f8\" data-element_type=\"widget\" data-e-type=\"widget\" data-widget_type=\"image.default\">\n\t\t\t\t\t\t\t\t\t\t\t\t\t\t\t<img fetchpriority=\"high\" decoding=\"async\" width=\"1600\" height=\"1067\" src=\"https:\/\/artpublic.click\/wp-content\/uploads\/2025\/11\/bqyiq8ily64.jpg\" class=\"attachment-full size-full wp-image-7311\" alt=\"A body of water surrounded by trees and buildings\" srcset=\"https:\/\/artpublic.click\/wp-content\/uploads\/2025\/11\/bqyiq8ily64.jpg 1600w, https:\/\/artpublic.click\/wp-content\/uploads\/2025\/11\/bqyiq8ily64-300x200.jpg 300w, https:\/\/artpublic.click\/wp-content\/uploads\/2025\/11\/bqyiq8ily64-1024x683.jpg 1024w, https:\/\/artpublic.click\/wp-content\/uploads\/2025\/11\/bqyiq8ily64-768x512.jpg 768w, https:\/\/artpublic.click\/wp-content\/uploads\/2025\/11\/bqyiq8ily64-1536x1024.jpg 1536w, https:\/\/artpublic.click\/wp-content\/uploads\/2025\/11\/bqyiq8ily64-18x12.jpg 18w\" sizes=\"(max-width: 1600px) 100vw, 1600px\" \/>\t\t\t\t\t\t\t\t\t\t\t\t\t\t\t<\/div>\n\t\t\t\t<div class=\"elementor-element elementor-element-undefined-5e54e83 elementor-widget elementor-widget-heading\" data-id=\"undefined-5e54e83\" data-element_type=\"widget\" data-e-type=\"widget\" data-widget_type=\"heading.default\">\n\t\t\t\t\t<h2 class=\"elementor-heading-title elementor-size-default\">Art Public \u00e0 Laval<\/h2>\t\t\t\t<\/div>\n\t\t\t\t<div class=\"elementor-element elementor-element-undefined-6d9d778 elementor-widget elementor-widget-text-editor\" data-id=\"undefined-6d9d778\" data-element_type=\"widget\" data-e-type=\"widget\" data-widget_type=\"text-editor.default\">\n\t\t\t\t\t\t\t\t\t<p>Art Public<br \/>185 boul. du Bon-Pasteur,<br \/>Laval, QC, H7N 3R4<br \/>+1 514-655-5848<\/p>\t\t\t\t\t\t\t\t<\/div>\n\t\t\t\t<\/div>\n\t\t<div class=\"elementor-element elementor-element-undefined-161bf7e e-con-full e-flex e-con e-child\" data-id=\"undefined-161bf7e\" data-element_type=\"container\" data-e-type=\"container\" data-settings=\"{&quot;background_background&quot;:&quot;classic&quot;}\">\n\t\t\t\t<div class=\"elementor-element elementor-element-undefined-ead59a9 elementor-widget elementor-widget-image\" data-id=\"undefined-ead59a9\" data-element_type=\"widget\" data-e-type=\"widget\" data-widget_type=\"image.default\">\n\t\t\t\t\t\t\t\t\t\t\t\t\t\t\t<img decoding=\"async\" width=\"1600\" height=\"1200\" src=\"https:\/\/artpublic.click\/wp-content\/uploads\/2026\/01\/openverse-8bdc07f7-11fb-4464-9f2a-78890e9b5e3b.jpg\" class=\"attachment-full size-full wp-image-9594\" alt=\"\" srcset=\"https:\/\/artpublic.click\/wp-content\/uploads\/2026\/01\/openverse-8bdc07f7-11fb-4464-9f2a-78890e9b5e3b.jpg 1600w, https:\/\/artpublic.click\/wp-content\/uploads\/2026\/01\/openverse-8bdc07f7-11fb-4464-9f2a-78890e9b5e3b-300x225.jpg 300w, https:\/\/artpublic.click\/wp-content\/uploads\/2026\/01\/openverse-8bdc07f7-11fb-4464-9f2a-78890e9b5e3b-1024x768.jpg 1024w, https:\/\/artpublic.click\/wp-content\/uploads\/2026\/01\/openverse-8bdc07f7-11fb-4464-9f2a-78890e9b5e3b-768x576.jpg 768w, https:\/\/artpublic.click\/wp-content\/uploads\/2026\/01\/openverse-8bdc07f7-11fb-4464-9f2a-78890e9b5e3b-1536x1152.jpg 1536w, https:\/\/artpublic.click\/wp-content\/uploads\/2026\/01\/openverse-8bdc07f7-11fb-4464-9f2a-78890e9b5e3b-16x12.jpg 16w\" sizes=\"(max-width: 1600px) 100vw, 1600px\" \/>\t\t\t\t\t\t\t\t\t\t\t\t\t\t\t<\/div>\n\t\t\t\t<div class=\"elementor-element elementor-element-undefined-b9cf547 elementor-widget elementor-widget-heading\" data-id=\"undefined-b9cf547\" data-element_type=\"widget\" data-e-type=\"widget\" data-widget_type=\"heading.default\">\n\t\t\t\t\t<h2 class=\"elementor-heading-title elementor-size-default\">Art Public \u00e0 Qu\u00e9bec<\/h2>\t\t\t\t<\/div>\n\t\t\t\t<div class=\"elementor-element elementor-element-undefined-080d487 elementor-widget elementor-widget-text-editor\" data-id=\"undefined-080d487\" data-element_type=\"widget\" data-e-type=\"widget\" data-widget_type=\"text-editor.default\">\n\t\t\t\t\t\t\t\t\t<p>Art Public<br \/>1-325 rue de Montmartre,<br \/>Qu\u00e9bec, QC<br \/>+1 581-996-6677<\/p>\t\t\t\t\t\t\t\t<\/div>\n\t\t\t\t<\/div>\n\t\t\t\t<\/div>\n\t\t\t\t\t<\/div>\n\t\t\t\t<\/div>\n\t\t\t\t<\/div>","protected":false},"excerpt":{"rendered":"<p>\u00c0 propos \u00c0 PROPOS Mission : Soutenir la cr\u00e9ation en art public. Nous proposons un service personnalis\u00e9 d\u2019accompagnement pour les artistes et organismes \u0153uvrant dans le domaine de l\u2019art public. Que vous envisagiez la cr\u00e9ation d\u2019une premi\u00e8re \u0153uvre ou la gestion compl\u00e8te d\u2019un projet d\u2019int\u00e9gration des arts \u00e0 l\u2019architecture, notre \u00e9quipe exp\u00e9riment\u00e9e saura r\u00e9pondre \u00e0 [&hellip;]<\/p>\n","protected":false},"author":1,"featured_media":0,"parent":0,"menu_order":11,"comment_status":"closed","ping_status":"closed","template":"","meta":{"_acf_changed":false,"site-sidebar-layout":"default","site-content-layout":"","ast-site-content-layout":"default","site-content-style":"default","site-sidebar-style":"default","ast-global-header-display":"","ast-banner-title-visibility":"","ast-main-header-display":"","ast-hfb-above-header-display":"","ast-hfb-below-header-display":"","ast-hfb-mobile-header-display":"","site-post-title":"","ast-breadcrumbs-content":"","ast-featured-img":"","footer-sml-layout":"","ast-disable-related-posts":"","theme-transparent-header-meta":"","adv-header-id-meta":"","stick-header-meta":"","header-above-stick-meta":"","header-main-stick-meta":"","header-below-stick-meta":"","astra-migrate-meta-layouts":"default","ast-page-background-enabled":"default","ast-page-background-meta":{"desktop":{"background-color":"","background-image":"","background-repeat":"repeat","background-position":"center center","background-size":"auto","background-attachment":"scroll","background-type":"","background-media":"","overlay-type":"","overlay-color":"","overlay-opacity":"","overlay-gradient":""},"tablet":{"background-color":"","background-image":"","background-repeat":"repeat","background-position":"center center","background-size":"auto","background-attachment":"scroll","background-type":"","background-media":"","overlay-type":"","overlay-color":"","overlay-opacity":"","overlay-gradient":""},"mobile":{"background-color":"","background-image":"","background-repeat":"repeat","background-position":"center center","background-size":"auto","background-attachment":"scroll","background-type":"","background-media":"","overlay-type":"","overlay-color":"","overlay-opacity":"","overlay-gradient":""}},"ast-content-background-meta":{"desktop":{"background-color":"var(--ast-global-color-5)","background-image":"","background-repeat":"repeat","background-position":"center center","background-size":"auto","background-attachment":"scroll","background-type":"","background-media":"","overlay-type":"","overlay-color":"","overlay-opacity":"","overlay-gradient":""},"tablet":{"background-color":"var(--ast-global-color-5)","background-image":"","background-repeat":"repeat","background-position":"center center","background-size":"auto","background-attachment":"scroll","background-type":"","background-media":"","overlay-type":"","overlay-color":"","overlay-opacity":"","overlay-gradient":""},"mobile":{"background-color":"var(--ast-global-color-5)","background-image":"","background-repeat":"repeat","background-position":"center center","background-size":"auto","background-attachment":"scroll","background-type":"","background-media":"","overlay-type":"","overlay-color":"","overlay-opacity":"","overlay-gradient":""}},"footnotes":""},"class_list":["post-3679","page","type-page","status-publish","hentry"],"acf":[],"_links":{"self":[{"href":"https:\/\/artpublic.click\/en\/wp-json\/wp\/v2\/pages\/3679","targetHints":{"allow":["GET"]}}],"collection":[{"href":"https:\/\/artpublic.click\/en\/wp-json\/wp\/v2\/pages"}],"about":[{"href":"https:\/\/artpublic.click\/en\/wp-json\/wp\/v2\/types\/page"}],"author":[{"embeddable":true,"href":"https:\/\/artpublic.click\/en\/wp-json\/wp\/v2\/users\/1"}],"replies":[{"embeddable":true,"href":"https:\/\/artpublic.click\/en\/wp-json\/wp\/v2\/comments?post=3679"}],"version-history":[{"count":134,"href":"https:\/\/artpublic.click\/en\/wp-json\/wp\/v2\/pages\/3679\/revisions"}],"predecessor-version":[{"id":9625,"href":"https:\/\/artpublic.click\/en\/wp-json\/wp\/v2\/pages\/3679\/revisions\/9625"}],"wp:attachment":[{"href":"https:\/\/artpublic.click\/en\/wp-json\/wp\/v2\/media?parent=3679"}],"curies":[{"name":"wp","href":"https:\/\/api.w.org\/{rel}","templated":true}]}}