{"id":3725,"date":"2025-09-22T19:05:09","date_gmt":"2025-09-22T19:05:09","guid":{"rendered":"https:\/\/artpublic.click\/?page_id=3725"},"modified":"2025-11-21T09:08:27","modified_gmt":"2025-11-21T14:08:27","slug":"realisations","status":"publish","type":"page","link":"https:\/\/artpublic.click\/en\/realisations\/","title":{"rendered":"Public art projects"},"content":{"rendered":"\t\t<div data-elementor-type=\"wp-page\" data-elementor-id=\"3725\" class=\"elementor elementor-3725\" data-elementor-post-type=\"page\">\n\t\t\t\t<div class=\"elementor-element elementor-element-fa111b9 e-container e-con-boxed e-con e-parent\" data-id=\"fa111b9\" data-element_type=\"container\" data-e-type=\"container\">\n\t\t\t\t\t<div class=\"e-con-inner\">\n\t\t\t\t<div class=\"elementor-element elementor-element-780ab815 elementor-widget elementor-widget-heading\" data-id=\"780ab815\" data-element_type=\"widget\" data-e-type=\"widget\" data-widget_type=\"heading.default\">\n\t\t\t\t\t<h2 class=\"elementor-heading-title elementor-size-default\">R\u00e9alisations<\/h2>\t\t\t\t<\/div>\n\t\t<div class=\"elementor-element elementor-element-4115e9d9 e-container e-con-boxed e-con e-child\" data-id=\"4115e9d9\" data-element_type=\"container\" data-e-type=\"container\">\n\t\t\t\t\t<div class=\"e-con-inner\">\n\t\t\t\t<div class=\"elementor-element elementor-element-09e4372 elementor-view-default elementor-widget elementor-widget-icon\" data-id=\"09e4372\" data-element_type=\"widget\" data-e-type=\"widget\" data-widget_type=\"icon.default\">\n\t\t\t\t\t\t\t<div class=\"elementor-icon-wrapper\">\n\t\t\t<a class=\"elementor-icon\" href=\"#elementor-action%3Aaction%3Dpopup%3Aopen%26settings%3DeyJpZCI6IjY4NzAiLCJ0b2dnbGUiOmZhbHNlfQ%3D%3D\">\n\t\t\t<svg aria-hidden=\"true\" class=\"e-font-icon-svg e-fas-star\" viewBox=\"0 0 576 512\" xmlns=\"http:\/\/www.w3.org\/2000\/svg\"><path d=\"M259.3 17.8L194 150.2 47.9 171.5c-26.2 3.8-36.7 36.1-17.7 54.6l105.7 103-25 145.5c-4.5 26.3 23.2 46 46.4 33.7L288 439.6l130.7 68.7c23.2 12.2 50.9-7.4 46.4-33.7l-25-145.5 105.7-103c19-18.5 8.5-50.8-17.7-54.6L382 150.2 316.7 17.8c-11.7-23.6-45.6-23.9-57.4 0z\"><\/path><\/svg>\t\t\t<\/a>\n\t\t<\/div>\n\t\t\t\t\t\t<\/div>\n\t\t\t\t\t<\/div>\n\t\t\t\t<\/div>\n\t\t<div class=\"elementor-element elementor-element-285e206 e-con-full e-flex e-con e-child\" data-id=\"285e206\" data-element_type=\"container\" data-e-type=\"container\">\n\t\t\t\t<div class=\"elementor-element elementor-element-5ca2a6b elementor-widget elementor-widget-heading\" data-id=\"5ca2a6b\" data-element_type=\"widget\" data-e-type=\"widget\" data-widget_type=\"heading.default\">\n\t\t\t\t\t<h2 class=\"elementor-heading-title elementor-size-default\">R\u00e9alisations<\/h2>\t\t\t\t<\/div>\n\t\t\t\t<div class=\"elementor-element elementor-element-806efbd elementor-grid-3 elementor-grid-tablet-2 elementor-grid-mobile-1 elementor-widget elementor-widget-loop-grid\" data-id=\"806efbd\" data-element_type=\"widget\" data-e-type=\"widget\" data-settings=\"{&quot;template_id&quot;:7011,&quot;pagination_type&quot;:&quot;load_more_infinite_scroll&quot;,&quot;_skin&quot;:&quot;post&quot;,&quot;columns&quot;:&quot;3&quot;,&quot;columns_tablet&quot;:&quot;2&quot;,&quot;columns_mobile&quot;:&quot;1&quot;,&quot;edit_handle_selector&quot;:&quot;[data-elementor-type=\\&quot;loop-item\\&quot;]&quot;,&quot;load_more_spinner&quot;:{&quot;value&quot;:&quot;fas fa-spinner&quot;,&quot;library&quot;:&quot;fa-solid&quot;},&quot;row_gap&quot;:{&quot;unit&quot;:&quot;px&quot;,&quot;size&quot;:&quot;&quot;,&quot;sizes&quot;:[]},&quot;row_gap_tablet&quot;:{&quot;unit&quot;:&quot;px&quot;,&quot;size&quot;:&quot;&quot;,&quot;sizes&quot;:[]},&quot;row_gap_mobile&quot;:{&quot;unit&quot;:&quot;px&quot;,&quot;size&quot;:&quot;&quot;,&quot;sizes&quot;:[]}}\" data-widget_type=\"loop-grid.post\">\n\t\t\t\t<div class=\"elementor-widget-container\">\n\t\t\t\t\t\t\t<div class=\"elementor-loop-container elementor-grid\" role=\"list\">\n\t\t<style id=\"loop-7011\">.elementor-7011 .elementor-element.elementor-element-bdb430f{--display:flex;--gap:10px 10px;--row-gap:10px;--column-gap:10px;}.elementor-widget-theme-post-featured-image .widget-image-caption{color:var( --e-global-color-text );font-family:var( --e-global-typography-text-font-family ), Sans-serif;font-size:var( --e-global-typography-text-font-size );font-weight:var( --e-global-typography-text-font-weight );text-transform:var( --e-global-typography-text-text-transform );font-style:var( --e-global-typography-text-font-style );text-decoration:var( --e-global-typography-text-text-decoration );line-height:var( --e-global-typography-text-line-height );letter-spacing:var( --e-global-typography-text-letter-spacing );word-spacing:var( --e-global-typography-text-word-spacing );}.elementor-7011 .elementor-element.elementor-element-12a446d img{height:500px;object-fit:cover;object-position:bottom center;}.elementor-widget-theme-post-title .elementor-heading-title{font-family:var( --e-global-typography-primary-font-family ), Sans-serif;font-size:var( --e-global-typography-primary-font-size );font-weight:var( --e-global-typography-primary-font-weight );text-transform:var( --e-global-typography-primary-text-transform );font-style:var( --e-global-typography-primary-font-style );text-decoration:var( --e-global-typography-primary-text-decoration );line-height:var( --e-global-typography-primary-line-height );letter-spacing:var( --e-global-typography-primary-letter-spacing );word-spacing:var( --e-global-typography-primary-word-spacing );color:var( --e-global-color-primary );}.elementor-7011 .elementor-element.elementor-element-a3726d5 .elementor-heading-title{font-family:\"Montserrat Alternates\", Sans-serif;font-size:23px;font-weight:400;text-transform:capitalize;font-style:normal;text-decoration:none;line-height:0.9em;letter-spacing:-0.3px;word-spacing:0em;color:var( --e-global-color-e2b494d );}.elementor-7011 .elementor-element.elementor-element-a3726d5{width:auto;max-width:auto;}.elementor-widget-theme-post-excerpt{font-family:var( --e-global-typography-text-font-family ), Sans-serif;font-size:var( --e-global-typography-text-font-size );font-weight:var( --e-global-typography-text-font-weight );text-transform:var( --e-global-typography-text-text-transform );font-style:var( --e-global-typography-text-font-style );text-decoration:var( --e-global-typography-text-text-decoration );line-height:var( --e-global-typography-text-line-height );letter-spacing:var( --e-global-typography-text-letter-spacing );word-spacing:var( --e-global-typography-text-word-spacing );color:var( --e-global-color-text );}.elementor-7011 .elementor-element.elementor-element-16a4cff{font-family:\"Cabin\", Sans-serif;font-size:14px;font-weight:400;text-transform:none;font-style:normal;text-decoration:none;line-height:1.3em;letter-spacing:0px;word-spacing:0em;}@media(max-width:1024px){.elementor-widget-theme-post-featured-image .widget-image-caption{font-size:var( --e-global-typography-text-font-size );line-height:var( --e-global-typography-text-line-height );letter-spacing:var( --e-global-typography-text-letter-spacing );word-spacing:var( --e-global-typography-text-word-spacing );}.elementor-widget-theme-post-title .elementor-heading-title{font-size:var( --e-global-typography-primary-font-size );line-height:var( --e-global-typography-primary-line-height );letter-spacing:var( --e-global-typography-primary-letter-spacing );word-spacing:var( --e-global-typography-primary-word-spacing );}.elementor-7011 .elementor-element.elementor-element-a3726d5 .elementor-heading-title{font-size:30px;}.elementor-widget-theme-post-excerpt{font-size:var( --e-global-typography-text-font-size );line-height:var( --e-global-typography-text-line-height );letter-spacing:var( --e-global-typography-text-letter-spacing );word-spacing:var( --e-global-typography-text-word-spacing );}.elementor-7011 .elementor-element.elementor-element-16a4cff{font-size:14px;}}@media(max-width:767px){.elementor-widget-theme-post-featured-image .widget-image-caption{font-size:var( --e-global-typography-text-font-size );line-height:var( --e-global-typography-text-line-height );letter-spacing:var( --e-global-typography-text-letter-spacing );word-spacing:var( --e-global-typography-text-word-spacing );}.elementor-widget-theme-post-title .elementor-heading-title{font-size:var( --e-global-typography-primary-font-size );line-height:var( --e-global-typography-primary-line-height );letter-spacing:var( --e-global-typography-primary-letter-spacing );word-spacing:var( --e-global-typography-primary-word-spacing );}.elementor-7011 .elementor-element.elementor-element-a3726d5 .elementor-heading-title{font-size:62px;line-height:1.1em;}.elementor-widget-theme-post-excerpt{font-size:var( --e-global-typography-text-font-size );line-height:var( --e-global-typography-text-line-height );letter-spacing:var( --e-global-typography-text-letter-spacing );word-spacing:var( --e-global-typography-text-word-spacing );}.elementor-7011 .elementor-element.elementor-element-16a4cff{font-size:18px;}}\/* Start custom CSS for shortcode, class: .elementor-element-d7bd26d *\/.elementor-7011 .elementor-element.elementor-element-d7bd26d {\n    font-family: 'Merryweather Sans', sans-serif;\n    font-size: 11pt;\n    color: #595959; \/* Adjust color as needed *\/\n}\/* End custom CSS *\/<\/style>\t\t<div data-elementor-type=\"loop-item\" data-elementor-id=\"7011\" class=\"elementor elementor-7011 e-loop-item e-loop-item-7105 post-7105 projet type-projet status-publish format-standard has-post-thumbnail hentry category-art1\" data-elementor-post-type=\"elementor_library\" data-custom-edit-handle=\"1\">\n\t\t\t<div class=\"elementor-element elementor-element-bdb430f e-flex e-con-boxed e-con e-parent\" data-id=\"bdb430f\" data-element_type=\"container\" data-e-type=\"container\">\n\t\t\t\t\t<div class=\"e-con-inner\">\n\t\t\t\t<div class=\"elementor-element elementor-element-12a446d elementor-widget elementor-widget-theme-post-featured-image elementor-widget-image\" data-id=\"12a446d\" data-element_type=\"widget\" data-e-type=\"widget\" data-widget_type=\"theme-post-featured-image.default\">\n\t\t\t\t\t\t\t\t\t\t\t\t\t\t\t\t<a href=\"https:\/\/artpublic.click\/en\/projet\/essor\/\">\n\t\t\t\t\t\t\t<img fetchpriority=\"high\" decoding=\"async\" width=\"472\" height=\"698\" src=\"https:\/\/artpublic.click\/wp-content\/uploads\/2025\/11\/crilrrr2309b02e-b83d-4d7a-a704-68c3811b40ff_rw_1920.jpg\" class=\"attachment-2048x2048 size-2048x2048 wp-image-8520\" alt=\"\" srcset=\"https:\/\/artpublic.click\/wp-content\/uploads\/2025\/11\/crilrrr2309b02e-b83d-4d7a-a704-68c3811b40ff_rw_1920.jpg 472w, https:\/\/artpublic.click\/wp-content\/uploads\/2025\/11\/crilrrr2309b02e-b83d-4d7a-a704-68c3811b40ff_rw_1920-203x300.jpg 203w, https:\/\/artpublic.click\/wp-content\/uploads\/2025\/11\/crilrrr2309b02e-b83d-4d7a-a704-68c3811b40ff_rw_1920-8x12.jpg 8w\" sizes=\"(max-width: 472px) 100vw, 472px\" \/>\t\t\t\t\t\t\t\t<\/a>\n\t\t\t\t\t\t\t\t\t\t\t\t\t\t\t<\/div>\n\t\t\t\t<div class=\"elementor-element elementor-element-a3726d5 elementor-widget__width-auto elementor-widget elementor-widget-theme-post-title elementor-page-title elementor-widget-heading\" data-id=\"a3726d5\" data-element_type=\"widget\" data-e-type=\"widget\" data-widget_type=\"theme-post-title.default\">\n\t\t\t\t\t<h1 class=\"elementor-heading-title elementor-size-default\"><a href=\"https:\/\/artpublic.click\/en\/projet\/essor\/\">ESSOR<\/a><\/h1>\t\t\t\t<\/div>\n\t\t\t\t<div class=\"elementor-element elementor-element-d7bd26d elementor-widget elementor-widget-shortcode\" data-id=\"d7bd26d\" data-element_type=\"widget\" data-e-type=\"widget\" data-widget_type=\"shortcode.default\">\n\t\t\t\t\t\t\t<div class=\"elementor-shortcode\">2023<\/div>\n\t\t\t\t\t\t<\/div>\n\t\t\t\t<div class=\"elementor-element elementor-element-16a4cff elementor-widget elementor-widget-theme-post-excerpt\" data-id=\"16a4cff\" data-element_type=\"widget\" data-e-type=\"widget\" data-widget_type=\"theme-post-excerpt.default\">\n\t\t\t\t\tS\u2019immerger dans un processus artistique consiste, selon ma vision personnelle, a\u0300 se placer dans un e\u0301tat d\u2019esprit en phase avec soi-me\u0302me, mais c\u2019est aussi puiser dans un courant e\u0301nerge\u0301tique. C\u2019est constater que nos gestes et\t\t\t\t<\/div>\n\t\t\t\t\t<\/div>\n\t\t\t\t<\/div>\n\t\t\t\t<\/div>\n\t\t\t\t<div data-elementor-type=\"loop-item\" data-elementor-id=\"7011\" class=\"elementor elementor-7011 e-loop-item e-loop-item-7107 post-7107 projet type-projet status-publish format-gallery has-post-thumbnail hentry category-art1\" data-elementor-post-type=\"elementor_library\" data-custom-edit-handle=\"1\">\n\t\t\t<div class=\"elementor-element elementor-element-bdb430f e-flex e-con-boxed e-con e-parent\" data-id=\"bdb430f\" data-element_type=\"container\" data-e-type=\"container\">\n\t\t\t\t\t<div class=\"e-con-inner\">\n\t\t\t\t<div class=\"elementor-element elementor-element-12a446d elementor-widget elementor-widget-theme-post-featured-image elementor-widget-image\" data-id=\"12a446d\" data-element_type=\"widget\" data-e-type=\"widget\" data-widget_type=\"theme-post-featured-image.default\">\n\t\t\t\t\t\t\t\t\t\t\t\t\t\t\t\t<a href=\"https:\/\/artpublic.click\/en\/projet\/c\/\">\n\t\t\t\t\t\t\t<img decoding=\"async\" width=\"1281\" height=\"1920\" src=\"https:\/\/artpublic.click\/wp-content\/uploads\/2025\/11\/DION_MARIANNE\/DION_Myriam_Fontaines_MOBecotte-7-1366x2048.webp\" class=\"attachment-2048x2048 size-2048x2048 wp-image-8305\" alt=\"\" srcset=\"https:\/\/artpublic.click\/wp-content\/uploads\/2025\/11\/DION_MARIANNE\/DION_Myriam_Fontaines_MOBecotte-7-1366x2048.webp 1281w, https:\/\/artpublic.click\/wp-content\/uploads\/2025\/11\/DION_MARIANNE\/DION_Myriam_Fontaines_MOBecotte-7-200x300.webp 200w, https:\/\/artpublic.click\/wp-content\/uploads\/2025\/11\/DION_MARIANNE\/DION_Myriam_Fontaines_MOBecotte-7-683x1024.webp 683w, https:\/\/artpublic.click\/wp-content\/uploads\/2025\/11\/DION_MARIANNE\/DION_Myriam_Fontaines_MOBecotte-7-768x1152.webp 768w, https:\/\/artpublic.click\/wp-content\/uploads\/2025\/11\/DION_MARIANNE\/DION_Myriam_Fontaines_MOBecotte-7-1024x1536.webp 1024w, https:\/\/artpublic.click\/wp-content\/uploads\/2025\/11\/DION_MARIANNE\/DION_Myriam_Fontaines_MOBecotte-7-8x12.webp 8w, https:\/\/artpublic.click\/wp-content\/uploads\/2025\/11\/DION_MARIANNE\/DION_Myriam_Fontaines_MOBecotte-7-scaled.webp 1280w\" sizes=\"(max-width: 1281px) 100vw, 1281px\" \/>\t\t\t\t\t\t\t\t<\/a>\n\t\t\t\t\t\t\t\t\t\t\t\t\t\t\t<\/div>\n\t\t\t\t<div class=\"elementor-element elementor-element-a3726d5 elementor-widget__width-auto elementor-widget elementor-widget-theme-post-title elementor-page-title elementor-widget-heading\" data-id=\"a3726d5\" data-element_type=\"widget\" data-e-type=\"widget\" data-widget_type=\"theme-post-title.default\">\n\t\t\t\t\t<h1 class=\"elementor-heading-title elementor-size-default\"><a href=\"https:\/\/artpublic.click\/en\/projet\/c\/\">Fontaines<\/a><\/h1>\t\t\t\t<\/div>\n\t\t\t\t<div class=\"elementor-element elementor-element-d7bd26d elementor-widget elementor-widget-shortcode\" data-id=\"d7bd26d\" data-element_type=\"widget\" data-e-type=\"widget\" data-widget_type=\"shortcode.default\">\n\t\t\t\t\t\t\t<div class=\"elementor-shortcode\">2023<\/div>\n\t\t\t\t\t\t<\/div>\n\t\t\t\t<div class=\"elementor-element elementor-element-16a4cff elementor-widget elementor-widget-theme-post-excerpt\" data-id=\"16a4cff\" data-element_type=\"widget\" data-e-type=\"widget\" data-widget_type=\"theme-post-excerpt.default\">\n\t\t\t\t\tAluminium coup\u00e9 au laser, 324\" x 98\" (central sculpture) Collaborators \/ manufacturers: Atelier du Bronze, Infravert, Electro-Fusion\t\t\t\t<\/div>\n\t\t\t\t\t<\/div>\n\t\t\t\t<\/div>\n\t\t\t\t<\/div>\n\t\t\t\t<div data-elementor-type=\"loop-item\" data-elementor-id=\"7011\" class=\"elementor elementor-7011 e-loop-item e-loop-item-7103 post-7103 projet type-projet status-publish format-standard has-post-thumbnail hentry category-art1\" data-elementor-post-type=\"elementor_library\" data-custom-edit-handle=\"1\">\n\t\t\t<div class=\"elementor-element elementor-element-bdb430f e-flex e-con-boxed e-con e-parent\" data-id=\"bdb430f\" data-element_type=\"container\" data-e-type=\"container\">\n\t\t\t\t\t<div class=\"e-con-inner\">\n\t\t\t\t<div class=\"elementor-element elementor-element-12a446d elementor-widget elementor-widget-theme-post-featured-image elementor-widget-image\" data-id=\"12a446d\" data-element_type=\"widget\" data-e-type=\"widget\" data-widget_type=\"theme-post-featured-image.default\">\n\t\t\t\t\t\t\t\t\t\t\t\t\t\t\t\t<a href=\"https:\/\/artpublic.click\/en\/projet\/scentime\/\">\n\t\t\t\t\t\t\t<img decoding=\"async\" width=\"1280\" height=\"1920\" src=\"https:\/\/artpublic.click\/wp-content\/uploads\/2025\/11\/BOYLE_SHARY\/2024-07-17-SharyBoyle-NB-003-1365x2048.webp\" class=\"attachment-2048x2048 size-2048x2048 wp-image-8288\" alt=\"\" srcset=\"https:\/\/artpublic.click\/wp-content\/uploads\/2025\/11\/BOYLE_SHARY\/2024-07-17-SharyBoyle-NB-003-scaled.webp 1280w, https:\/\/artpublic.click\/wp-content\/uploads\/2025\/11\/BOYLE_SHARY\/2024-07-17-SharyBoyle-NB-003-200x300.webp 200w, https:\/\/artpublic.click\/wp-content\/uploads\/2025\/11\/BOYLE_SHARY\/2024-07-17-SharyBoyle-NB-003-683x1024.webp 683w, https:\/\/artpublic.click\/wp-content\/uploads\/2025\/11\/BOYLE_SHARY\/2024-07-17-SharyBoyle-NB-003-768x1152.webp 768w, https:\/\/artpublic.click\/wp-content\/uploads\/2025\/11\/BOYLE_SHARY\/2024-07-17-SharyBoyle-NB-003-1024x1536.webp 1024w, https:\/\/artpublic.click\/wp-content\/uploads\/2025\/11\/BOYLE_SHARY\/2024-07-17-SharyBoyle-NB-003-8x12.webp 8w\" sizes=\"(max-width: 1280px) 100vw, 1280px\" \/>\t\t\t\t\t\t\t\t<\/a>\n\t\t\t\t\t\t\t\t\t\t\t\t\t\t\t<\/div>\n\t\t\t\t<div class=\"elementor-element elementor-element-a3726d5 elementor-widget__width-auto elementor-widget elementor-widget-theme-post-title elementor-page-title elementor-widget-heading\" data-id=\"a3726d5\" data-element_type=\"widget\" data-e-type=\"widget\" data-widget_type=\"theme-post-title.default\">\n\t\t\t\t\t<h1 class=\"elementor-heading-title elementor-size-default\"><a href=\"https:\/\/artpublic.click\/en\/projet\/scentime\/\">Scentime<\/a><\/h1>\t\t\t\t<\/div>\n\t\t\t\t<div class=\"elementor-element elementor-element-d7bd26d elementor-widget elementor-widget-shortcode\" data-id=\"d7bd26d\" data-element_type=\"widget\" data-e-type=\"widget\" data-widget_type=\"shortcode.default\">\n\t\t\t\t\t\t\t<div class=\"elementor-shortcode\">2023<\/div>\n\t\t\t\t\t\t<\/div>\n\t\t\t\t<div class=\"elementor-element elementor-element-16a4cff elementor-widget elementor-widget-theme-post-excerpt\" data-id=\"16a4cff\" data-element_type=\"widget\" data-e-type=\"widget\" data-widget_type=\"theme-post-excerpt.default\">\n\t\t\t\t\tScentime, se veut un jeu de mots sur le parfum et la plus petite devise de l\u2019ancienne France. La sculpture repr\u00e9sente un flacon de parfum de 26 pieds de haut, rev\u00eatu de c\u00e9ramique et de\t\t\t\t<\/div>\n\t\t\t\t\t<\/div>\n\t\t\t\t<\/div>\n\t\t\t\t<\/div>\n\t\t\t\t<\/div>\n\t\t\t\t\t<span class=\"e-load-more-spinner\">\n\t\t\t\t<svg aria-hidden=\"true\" class=\"e-font-icon-svg e-fas-spinner\" viewBox=\"0 0 512 512\" xmlns=\"http:\/\/www.w3.org\/2000\/svg\"><path d=\"M304 48c0 26.51-21.49 48-48 48s-48-21.49-48-48 21.49-48 48-48 48 21.49 48 48zm-48 368c-26.51 0-48 21.49-48 48s21.49 48 48 48 48-21.49 48-48-21.49-48-48-48zm208-208c-26.51 0-48 21.49-48 48s21.49 48 48 48 48-21.49 48-48-21.49-48-48-48zM96 256c0-26.51-21.49-48-48-48S0 229.49 0 256s21.49 48 48 48 48-21.49 48-48zm12.922 99.078c-26.51 0-48 21.49-48 48s21.49 48 48 48 48-21.49 48-48c0-26.509-21.491-48-48-48zm294.156 0c-26.51 0-48 21.49-48 48s21.49 48 48 48 48-21.49 48-48c0-26.509-21.49-48-48-48zM108.922 60.922c-26.51 0-48 21.49-48 48s21.49 48 48 48 48-21.49 48-48-21.491-48-48-48z\"><\/path><\/svg>\t\t\t<\/span>\n\t\t\n\t\t\t\t\t\t<\/div>\n\t\t\t\t<\/div>\n\t\t\t\t<\/div>\n\t\t<div class=\"elementor-element elementor-element-8151239 e-con-full e-flex e-con e-child\" data-id=\"8151239\" data-element_type=\"container\" data-e-type=\"container\">\n\t\t\t\t<div class=\"elementor-element elementor-element-f057ace elementor-widget elementor-widget-heading\" data-id=\"f057ace\" data-element_type=\"widget\" data-e-type=\"widget\" data-widget_type=\"heading.default\">\n\t\t\t\t\t<h2 class=\"elementor-heading-title elementor-size-default\">Page des Projets<\/h2>\t\t\t\t<\/div>\n\t\t\t\t<\/div>\n\t\t\t\t\t<\/div>\n\t\t\t\t<\/div>\n\t\t\t\t<\/div>\n\t\t","protected":false},"excerpt":{"rendered":"<p>R\u00e9alisations R\u00e9alisations Page des Projets<\/p>","protected":false},"author":1,"featured_media":0,"parent":0,"menu_order":7,"comment_status":"closed","ping_status":"closed","template":"","meta":{"_acf_changed":false,"site-sidebar-layout":"default","site-content-layout":"","ast-site-content-layout":"default","site-content-style":"default","site-sidebar-style":"default","ast-global-header-display":"","ast-banner-title-visibility":"","ast-main-header-display":"","ast-hfb-above-header-display":"","ast-hfb-below-header-display":"","ast-hfb-mobile-header-display":"","site-post-title":"","ast-breadcrumbs-content":"","ast-featured-img":"","footer-sml-layout":"","ast-disable-related-posts":"","theme-transparent-header-meta":"","adv-header-id-meta":"","stick-header-meta":"","header-above-stick-meta":"","header-main-stick-meta":"","header-below-stick-meta":"","astra-migrate-meta-layouts":"default","ast-page-background-enabled":"default","ast-page-background-meta":{"desktop":{"background-color":"","background-image":"","background-repeat":"repeat","background-position":"center center","background-size":"auto","background-attachment":"scroll","background-type":"","background-media":"","overlay-type":"","overlay-color":"","overlay-opacity":"","overlay-gradient":""},"tablet":{"background-color":"","background-image":"","background-repeat":"repeat","background-position":"center center","background-size":"auto","background-attachment":"scroll","background-type":"","background-media":"","overlay-type":"","overlay-color":"","overlay-opacity":"","overlay-gradient":""},"mobile":{"background-color":"","background-image":"","background-repeat":"repeat","background-position":"center center","background-size":"auto","background-attachment":"scroll","background-type":"","background-media":"","overlay-type":"","overlay-color":"","overlay-opacity":"","overlay-gradient":""}},"ast-content-background-meta":{"desktop":{"background-color":"var(--ast-global-color-5)","background-image":"","background-repeat":"repeat","background-position":"center center","background-size":"auto","background-attachment":"scroll","background-type":"","background-media":"","overlay-type":"","overlay-color":"","overlay-opacity":"","overlay-gradient":""},"tablet":{"background-color":"var(--ast-global-color-5)","background-image":"","background-repeat":"repeat","background-position":"center center","background-size":"auto","background-attachment":"scroll","background-type":"","background-media":"","overlay-type":"","overlay-color":"","overlay-opacity":"","overlay-gradient":""},"mobile":{"background-color":"var(--ast-global-color-5)","background-image":"","background-repeat":"repeat","background-position":"center center","background-size":"auto","background-attachment":"scroll","background-type":"","background-media":"","overlay-type":"","overlay-color":"","overlay-opacity":"","overlay-gradient":""}},"footnotes":""},"class_list":["post-3725","page","type-page","status-publish","hentry"],"acf":[],"_links":{"self":[{"href":"https:\/\/artpublic.click\/en\/wp-json\/wp\/v2\/pages\/3725","targetHints":{"allow":["GET"]}}],"collection":[{"href":"https:\/\/artpublic.click\/en\/wp-json\/wp\/v2\/pages"}],"about":[{"href":"https:\/\/artpublic.click\/en\/wp-json\/wp\/v2\/types\/page"}],"author":[{"embeddable":true,"href":"https:\/\/artpublic.click\/en\/wp-json\/wp\/v2\/users\/1"}],"replies":[{"embeddable":true,"href":"https:\/\/artpublic.click\/en\/wp-json\/wp\/v2\/comments?post=3725"}],"version-history":[{"count":88,"href":"https:\/\/artpublic.click\/en\/wp-json\/wp\/v2\/pages\/3725\/revisions"}],"predecessor-version":[{"id":7858,"href":"https:\/\/artpublic.click\/en\/wp-json\/wp\/v2\/pages\/3725\/revisions\/7858"}],"wp:attachment":[{"href":"https:\/\/artpublic.click\/en\/wp-json\/wp\/v2\/media?parent=3725"}],"curies":[{"name":"wp","href":"https:\/\/api.w.org\/{rel}","templated":true}]}}